{"id":919,"date":"2018-05-03T17:52:15","date_gmt":"2018-05-03T17:52:15","guid":{"rendered":"https:\/\/alfarerianunez.com\/terminos-y-condiciones-de-venta\/"},"modified":"2018-05-07T20:20:36","modified_gmt":"2018-05-07T20:20:36","slug":"terminos-y-condiciones-de-venta","status":"publish","type":"page","link":"https:\/\/alfarerianunez.com\/en\/terminos-y-condiciones-de-venta\/","title":{"rendered":"T\u00e9rminos y condiciones de venta(i)"},"content":{"rendered":"<h1>T\u00c9RMINOS Y CONDICIONES GENERALES DE VENTA<\/h1>\n<p><strong>OBJETO Y GENERALIDADES<\/strong><\/p>\n<p>Las presentes Condiciones de Venta regulan el uso del sitio Web www.alfarerianunez.com de la empresa de Juan N\u00fa\u00f1ez Tenorio domiciliada en Carretera Madrid-C\u00e1diz Km 298,3, Bail\u00e9n (Ja\u00e9n).<\/p>\n<p>A trav\u00e9s de su sitio www.alfarerianunez.com, se proporciona informaci\u00f3n acerca de sus productos y ofrece la posibilidad de su adquisici\u00f3n. Debido al contenido y la finalidad del Sitio Web, las personas que quieran beneficiarse de sus servicios deben contar con la condici\u00f3n de \u201cCliente\u201d, la cual adquiere completando el formulario de. La condici\u00f3n de Cliente supone la adhesi\u00f3n a las Condiciones de Uso la versi\u00f3n publicada en el momento en que se acceda al Sitio Web.<\/p>\n<p>En cualquier caso, existen p\u00e1ginas del Sitio Web accesibles a personas f\u00edsicas o jur\u00eddicas que no lleguen a registrarse ni inicien una compra de producto (en adelante, \u201cUsuarios\u201d). En este sentido, los Usuarios que accedan a estas partes del Sitio Web aceptan quedar sometidos a los t\u00e9rminos y condiciones recogidos en estas Condiciones Generales, en la medida que ello les pueda ser de aplicaci\u00f3n.<\/p>\n<p>La empresa quiere hacer saber a sus Clientes y Usuarios que se dirige exclusivamente a un p\u00fablico mayor de 16 y que el comprador es el encargado de pagar los costes de env\u00edo. (Salvo en pedidos superiores a 100\u20ac que correr\u00e1 a cuenta de la empresa)<\/p>\n<p>CONTACTO: Para cualquier tipo de duda, consulta o sugerencia, puede enviarnos sus comentarios por email a: juan@alfarerianunez.com<\/p>\n<p><strong>INFORMACI\u00d3N SOBRE PRODUCTO<\/strong><\/p>\n<p>Las descripciones e informaciones de los productos podr\u00edan no ser totalmente precisas en los productos catalogados como hechos a mano. Podr\u00e1n consultar cualquier duda antes de realizar el pedido sin problema.<\/p>\n<p><strong>PRECIOS<\/strong><\/p>\n<p>Todos los precios de los productos que se indican a trav\u00e9s de la p\u00e1gina web incluyen el IVA y los dem\u00e1s impuestos que pudiera corresponder. No obstante, estos precios no incluyen los gastos de env\u00edo.<\/p>\n<p><strong>DISPONIBILIDAD<\/strong><\/p>\n<p>Si alg\u00fan producto a la hora de llegarnos el pedido no se encuentra disponible, o no se puede reponer r\u00e1pidamente, se le informar\u00e1 en un plazo no superior a 72h, as\u00ed como del plazo en el que estar\u00e1 disponible. Podr\u00e1 reclamarse la devoluci\u00f3n del pago en el caso de ser necesario.<\/p>\n<p><strong>PAGO<\/strong><\/p>\n<p>El Cliente se compromete a pagar en el momento que realiza el pedido. Al precio inicial que figure en el sitio Web para cada uno de los productos ofrecidos se le sumar\u00e1 el gasto de env\u00edo.<br \/>\nLa factura de compra que corresponde al pedido de compra se enviar\u00e1 junto al pedido.<br \/>\nEl Cliente deber\u00e1 abonar el importe correspondiente a su pedido mediante pago a trav\u00e9s de tarjeta de cr\u00e9dito o de d\u00e9bito (Visa, Mastercard, Visa Electr\u00f3n y\/o otras tarjetas an\u00e1logas. El pago con tarjeta se realiza a trav\u00e9s de Redsys con sus protocolos de seguridad.<br \/>\nEl Cliente deber\u00e1 notificar cualquier cargo indebido o fraudulento en la tarjeta utilizada para las compras, mediante email o v\u00eda telef\u00f3nica, en el menor plazo de tiempo posible para que la empresa pueda realizar las gestiones oportunas.<\/p>\n<p><strong>SEGURIDAD<\/strong><\/p>\n<p>Las pasarelas de pago disponibles cuentan con las m\u00e1ximas medidas de seguridad comercialmente disponibles en el sector. Adem\u00e1s, el proceso de pago funciona sobre un servidor seguro utilizando el protocolo SSL (Secure Socket Layer). El servidor seguro establece una conexi\u00f3n de modo que la informaci\u00f3n se transmite cifrada mediante algoritmos de 128 bits, que aseguran que s\u00f3lo sea inteligible para el ordenador del Cliente y el del Sitio Web. De esta forma, al utilizar el protocolo SSL se garantiza:<br \/>\n1. Que el Cliente est\u00e1 comunicando sus datos al centro servidor de la entidad bancaria y no a cualquier otro que intentara hacerse pasar por \u00e9ste.<br \/>\n2. Que entre el Cliente y el centro servidor de la entidad bancaria los datos se transmiten cifrados, evitando su posible lectura o manipulaci\u00f3n por terceros.<\/p>\n<p><strong>FORMALIZACI\u00d3N DE PEDIDOS<\/strong><\/p>\n<p>Una vez formalizado el pedido, es decir, con la aceptaci\u00f3n de las Condiciones de Uso y la confirmaci\u00f3n del proceso de compra, la empresa se pondr\u00e1 en contacto con el cliente confirmando los detalles de la compra realizada.<\/p>\n<p><strong>CANCELACI\u00d3N DE PEDIDOS<\/strong><\/p>\n<p>La empresa aceptar\u00e1 cancelaciones de pedidos cuando se soliciten antes del env\u00edo del mismo. Para realizar la cancelaci\u00f3n debes solicitarlo enviando un e-mail a juan@alfarerianunez.con o poni\u00e9ndose en contacto en los tel\u00e9fonos facilitados en la web.<\/p>\n","protected":false},"excerpt":{"rendered":"<p>T\u00c9RMINOS Y CONDICIONES GENERALES DE VENTA OBJETO Y GENERALIDADES Las presentes Condiciones de Venta regulan el uso del sitio Web www.alfarerianunez.com de la empresa de Juan N\u00fa\u00f1ez Tenorio domiciliada en Carretera Madrid-C\u00e1diz Km 298,3, Bail\u00e9n (Ja\u00e9n). A trav\u00e9s de su sitio www.alfarerianunez.com, se proporciona informaci\u00f3n acerca de sus productos y ofrece la posibilidad de su [&hellip;]<\/p>\n","protected":false},"author":3,"featured_media":0,"parent":0,"menu_order":0,"comment_status":"closed","ping_status":"closed","template":"","meta":{"_acf_changed":false,"_exactmetrics_skip_tracking":false,"_exactmetrics_sitenote_active":false,"_exactmetrics_sitenote_note":"","_exactmetrics_sitenote_category":0,"footnotes":""},"class_list":["post-919","page","type-page","status-publish","hentry"],"acf":[],"_links":{"self":[{"href":"https:\/\/alfarerianunez.com\/en\/wp-json\/wp\/v2\/pages\/919","targetHints":{"allow":["GET"]}}],"collection":[{"href":"https:\/\/alfarerianunez.com\/en\/wp-json\/wp\/v2\/pages"}],"about":[{"href":"https:\/\/alfarerianunez.com\/en\/wp-json\/wp\/v2\/types\/page"}],"author":[{"embeddable":true,"href":"https:\/\/alfarerianunez.com\/en\/wp-json\/wp\/v2\/users\/3"}],"replies":[{"embeddable":true,"href":"https:\/\/alfarerianunez.com\/en\/wp-json\/wp\/v2\/comments?post=919"}],"version-history":[{"count":0,"href":"https:\/\/alfarerianunez.com\/en\/wp-json\/wp\/v2\/pages\/919\/revisions"}],"wp:attachment":[{"href":"https:\/\/alfarerianunez.com\/en\/wp-json\/wp\/v2\/media?parent=919"}],"curies":[{"name":"wp","href":"https:\/\/api.w.org\/{rel}","templated":true}]}}