{"id":925,"date":"2018-05-03T17:43:36","date_gmt":"2018-05-03T17:43:36","guid":{"rendered":"https:\/\/alfarerianunez.com\/politica-de-privacidad\/"},"modified":"2018-05-07T20:23:12","modified_gmt":"2018-05-07T20:23:12","slug":"politica-de-privacidad","status":"publish","type":"page","link":"https:\/\/alfarerianunez.com\/en\/politica-de-privacidad\/","title":{"rendered":"Pol\u00edtica de privacidad(i)"},"content":{"rendered":"<p>Los Clientes y Usuarios se comprometen a navegar por la p\u00e1gina web y a utilizar el contenido de buena fe.<\/p>\n<p>En cumplimiento de lo establecido en la Ley Org\u00e1nica 15\/1999, de Protecci\u00f3n de Datos de Car\u00e1cter Personal, le informamos de que la cumplimentaci\u00f3n de cualquier formulario existente en Sitio Web www.alfarerianunez.com o la remisi\u00f3n de un correo electr\u00f3nico implica la aceptaci\u00f3n de esta pol\u00edtica de privacidad, as\u00ed como la autorizaci\u00f3n a la empresa para que trate los datos personales que nos facilite, que ser\u00e1n incorporado al fichero, titularidad de la empresa, inscrito en el Registro General de la Agencia Espa\u00f1ola de Protecci\u00f3n de Datos.<\/p>\n<p>Los datos de los Clientes ser\u00e1n utilizados para el env\u00edo a trav\u00e9s de email de las ventas que realice la empresa y para la entrega de los compras.<\/p>\n<p>por la mera visita a la web, los usuarios no facilitan informaci\u00f3n personal alguna ni queda obligado a facilitarla.<br \/>\nla empresa se compromete a guardar la m\u00e1xima reserva y confidencialidad sobre la informaci\u00f3n que le sea facilitada y a utilizarla \u00fanicamente para los fines indicados.<\/p>\n<p>La empresa presume que los datos han sido introducidos por su titular o por persona autorizada por \u00e9ste, as\u00ed como que son correctos y exactos.<\/p>\n<p>Corresponde a los clientes la actualizaci\u00f3n de sus propios datos. en cualquier momento, el cliente tendr\u00e1 el derecho de acceso, rectificaci\u00f3n, cancelaci\u00f3n y oposici\u00f3n a todos sus datos personales incluidos en los distintos formularios de alta. para modificar o actualizar sus datos personales el cliente deber\u00e1 acceder a www.alfarerianunez.com, al apartado \u201cmi cuenta\u201d. para cancelar tu cuenta escribe un correo desde el e-mail de tu cuenta a juan@alfarerianunez.com con el asunto \u201ccancelar cuenta\u201d.<\/p>\n<p>por lo tanto, el cliente es responsable de la veracidad de los datos y la empresa no ser\u00e1 responsable de su inexactitud de los datos personales de los clientes. conforme a la legislaci\u00f3n vigente en materia de protecci\u00f3n de datos, la empresa ha adoptado los niveles de seguridad adecuados a los datos facilitados por los clientes y, adem\u00e1s, ha instalado todos los medios y medidas a su alcance para evitar la p\u00e9rdida, mal uso, alteraci\u00f3n, acceso no autorizado y extracci\u00f3n de los mismos.<\/p>\n<p><strong>NULIDAD<\/strong><\/p>\n<p>En caso de que cualquier cl\u00e1usula de las presentes Condiciones de Uso sea declarada nula, las dem\u00e1s cl\u00e1usulas seguir\u00e1n vigentes y se interpretar\u00e1n teniendo en cuenta la voluntad de las partes y la finalidad misma de las presentes Condiciones de Uso.<\/p>\n<p>La empresa podr\u00e1 no ejercitar alguno de los derechos y facultades conferidos en este documento lo que no implicar\u00e1 en ning\u00fan caso la renuncia a los mismos salvo reconocimiento expreso por parte de la empresa o prescripci\u00f3n de la acci\u00f3n que en cada caso corresponda.<\/p>\n<p><strong>MODIFICACI\u00d3N DE LAS CONDICIONES DE USO<\/strong><\/p>\n<p>La empresa se reserva el derecho de modificar, en cualquier momento, la presentaci\u00f3n y configuraci\u00f3n del Sitio Web, as\u00ed como las presentes Condiciones Generales. Por ello, la empresa recomienda al Cliente leerlas atentamente cada vez que acceda al Sitio Web.<br \/>\nClientes y Usuarios siempre dispondr\u00e1n de estas Condiciones de Uso en un sitio visible, libremente accesible para cuantas consultas quiera realizar. En cualquier caso, la aceptaci\u00f3n de las Condiciones de Uso ser\u00e1 un paso previo e indispensable a la adquisici\u00f3n de cualquier producto disponible a trav\u00e9s del Sitio Web.<\/p>\n<p><strong>LEY APLICABLE Y ARBITRAJE<\/strong><\/p>\n<p>Las presentes Condiciones de Uso se rigen por la legislaci\u00f3n espa\u00f1ola aplicable en la materia. Para resolver cualquier controversia o conflicto que se derive de las presentes Condiciones de Uso, las partes se someten a la jurisdicci\u00f3n de los tribunales de la ciudad de Ja\u00e9n (Espa\u00f1a), salvo que la ley imponga otra jurisdicci\u00f3n.<\/p>\n","protected":false},"excerpt":{"rendered":"<p>Los Clientes y Usuarios se comprometen a navegar por la p\u00e1gina web y a utilizar el contenido de buena fe. En cumplimiento de lo establecido en la Ley Org\u00e1nica 15\/1999, de Protecci\u00f3n de Datos de Car\u00e1cter Personal, le informamos de que la cumplimentaci\u00f3n de cualquier formulario existente en Sitio Web www.alfarerianunez.com o la remisi\u00f3n de [&hellip;]<\/p>\n","protected":false},"author":3,"featured_media":0,"parent":0,"menu_order":0,"comment_status":"closed","ping_status":"closed","template":"","meta":{"_acf_changed":false,"_exactmetrics_skip_tracking":false,"_exactmetrics_sitenote_active":false,"_exactmetrics_sitenote_note":"","_exactmetrics_sitenote_category":0,"footnotes":""},"class_list":["post-925","page","type-page","status-publish","hentry"],"acf":[],"_links":{"self":[{"href":"https:\/\/alfarerianunez.com\/en\/wp-json\/wp\/v2\/pages\/925","targetHints":{"allow":["GET"]}}],"collection":[{"href":"https:\/\/alfarerianunez.com\/en\/wp-json\/wp\/v2\/pages"}],"about":[{"href":"https:\/\/alfarerianunez.com\/en\/wp-json\/wp\/v2\/types\/page"}],"author":[{"embeddable":true,"href":"https:\/\/alfarerianunez.com\/en\/wp-json\/wp\/v2\/users\/3"}],"replies":[{"embeddable":true,"href":"https:\/\/alfarerianunez.com\/en\/wp-json\/wp\/v2\/comments?post=925"}],"version-history":[{"count":0,"href":"https:\/\/alfarerianunez.com\/en\/wp-json\/wp\/v2\/pages\/925\/revisions"}],"wp:attachment":[{"href":"https:\/\/alfarerianunez.com\/en\/wp-json\/wp\/v2\/media?parent=925"}],"curies":[{"name":"wp","href":"https:\/\/api.w.org\/{rel}","templated":true}]}}