{"id":931,"date":"2018-04-30T08:24:22","date_gmt":"2018-04-30T08:24:22","guid":{"rendered":"https:\/\/alfarerianunez.com\/ubicacion\/"},"modified":"2018-05-08T18:09:32","modified_gmt":"2018-05-08T18:09:32","slug":"location","status":"publish","type":"page","link":"https:\/\/alfarerianunez.com\/en\/location\/","title":{"rendered":"Location"},"content":{"rendered":"<div class=\"wpb-content-wrapper\">[vc_row fullwidth=&#8221;true&#8221; css=&#8221;.vc_custom_1525098016362{margin-top: 00px !important;margin-right: 0px !important;margin-bottom: 0px !important;margin-left: 0px !important;border-top-width: 0px !important;border-right-width: 0px !important;border-bottom-width: 0px !important;border-left-width: 0px !important;padding-top: 0px !important;padding-right: 0px !important;padding-bottom: 0px !important;padding-left: 0px !important;}&#8221;][vc_column css=&#8221;.vc_custom_1523554357491{margin-top: 0px !important;margin-right: 0px !important;margin-bottom: 0px !important;margin-left: 0px !important;padding-top: 0px !important;padding-right: 0px !important;padding-bottom: 0px !important;padding-left: 0px !important;}&#8221;][mk_padding_divider size=&#8221;50&#8243;][vc_custom_heading text=&#8221;Nuestra ubicaci\u00f3n&#8221; font_container=&#8221;tag:h2|font_size:36px|text_align:center|color:%23333333|line_height:120%25&#8243; use_theme_fonts=&#8221;yes&#8221;][mk_fancy_title size=&#8221;16&#8243; font_family=&#8221;none&#8221; align=&#8221;center&#8221;]Antigua Ctra. Madrid-C\u00e1diz, Km 298,3<\/p>\n<p>23710 Bail\u00e9n (Ja\u00e9n) &#8211; Espa\u00f1a[\/mk_fancy_title][mk_padding_divider size=&#8221;50&#8243; visibility=&#8221;visible-sm&#8221;][vc_gmaps link=&#8221;#E-8_JTNDaWZyYW1lJTIwc3JjJTNEJTIyaHR0cHMlM0ElMkYlMkZ3d3cuZ29vZ2xlLmNvbSUyRm1hcHMlMkZlbWJlZCUzRnBiJTNEJTIxMW0xOCUyMTFtMTIlMjExbTMlMjExZDMxNDAuMDI4MDI3MzUyOTMzJTIxMmQtMy44MDIyMDY2ODQzNzgwNTUlMjEzZDM4LjA5MzAxMTQwMTU1ODM4NSUyMTJtMyUyMTFmMCUyMTJmMCUyMTNmMCUyMTNtMiUyMTFpMTAyNCUyMTJpNzY4JTIxNGYxMy4xJTIxM20zJTIxMW0yJTIxMXMweGQ2YzI2MjNmMmExZWNlNSUyNTNBMHg4Y2EzYWFlMDBiODczNzEzJTIxMnpRV3htWVhKbGNzT3RZU0JLZFdGdUlFN0R1c094WlhvZ1ZHVnViM0pwYnclMjE1ZTAlMjEzbTIlMjExc2VzJTIxMnNlcyUyMTR2MTUyNTA3Njg4NDg0MyUyMiUyMHdpZHRoJTNEJTIyNjAwJTIyJTIwaGVpZ2h0JTNEJTIyNDUwJTIyJTIwZnJhbWVib3JkZXIlM0QlMjIwJTIyJTIwc3R5bGUlM0QlMjJib3JkZXIlM0EwJTIyJTIwYWxsb3dmdWxsc2NyZWVuJTNFJTNDJTJGaWZyYW1lJTNF&#8221;][mk_padding_divider size=&#8221;50&#8243; visibility=&#8221;visible-sm&#8221;][\/vc_column][\/vc_row]\n<\/div>","protected":false},"excerpt":{"rendered":"<p>[vc_row fullwidth=&#8221;true&#8221; css=&#8221;.vc_custom_1525098016362{margin-top: 00px !important;margin-right: 0px !important;margin-bottom: 0px !important;margin-left: 0px !important;border-top-width: 0px !important;border-right-width: 0px !important;border-bottom-width: 0px !important;border-left-width: 0px !important;padding-top: 0px !important;padding-right: 0px !important;padding-bottom: 0px !important;padding-left: 0px !important;}&#8221;][vc_column css=&#8221;.vc_custom_1523554357491{margin-top: 0px !important;margin-right: 0px !important;margin-bottom: 0px !important;margin-left: 0px !important;padding-top: 0px !important;padding-right: 0px !important;padding-bottom: 0px !important;padding-left: 0px !important;}&#8221;][mk_padding_divider size=&#8221;50&#8243;][vc_custom_heading text=&#8221;Nuestra ubicaci\u00f3n&#8221; font_container=&#8221;tag:h2|font_size:36px|text_align:center|color:%23333333|line_height:120%25&#8243; use_theme_fonts=&#8221;yes&#8221;][mk_fancy_title size=&#8221;16&#8243; font_family=&#8221;none&#8221; align=&#8221;center&#8221;]Antigua Ctra. Madrid-C\u00e1diz, Km [&hellip;]<\/p>\n","protected":false},"author":3,"featured_media":0,"parent":0,"menu_order":0,"comment_status":"closed","ping_status":"closed","template":"","meta":{"_acf_changed":false,"_exactmetrics_skip_tracking":false,"_exactmetrics_sitenote_active":false,"_exactmetrics_sitenote_note":"","_exactmetrics_sitenote_category":0,"footnotes":""},"class_list":["post-931","page","type-page","status-publish","hentry"],"acf":[],"_links":{"self":[{"href":"https:\/\/alfarerianunez.com\/en\/wp-json\/wp\/v2\/pages\/931","targetHints":{"allow":["GET"]}}],"collection":[{"href":"https:\/\/alfarerianunez.com\/en\/wp-json\/wp\/v2\/pages"}],"about":[{"href":"https:\/\/alfarerianunez.com\/en\/wp-json\/wp\/v2\/types\/page"}],"author":[{"embeddable":true,"href":"https:\/\/alfarerianunez.com\/en\/wp-json\/wp\/v2\/users\/3"}],"replies":[{"embeddable":true,"href":"https:\/\/alfarerianunez.com\/en\/wp-json\/wp\/v2\/comments?post=931"}],"version-history":[{"count":0,"href":"https:\/\/alfarerianunez.com\/en\/wp-json\/wp\/v2\/pages\/931\/revisions"}],"wp:attachment":[{"href":"https:\/\/alfarerianunez.com\/en\/wp-json\/wp\/v2\/media?parent=931"}],"curies":[{"name":"wp","href":"https:\/\/api.w.org\/{rel}","templated":true}]}}