{"id":899,"date":"2018-04-11T18:40:37","date_gmt":"2018-04-11T18:40:37","guid":{"rendered":"https:\/\/alfarerianunez.com\/aviso-legal\/"},"modified":"2018-05-07T20:05:16","modified_gmt":"2018-05-07T20:05:16","slug":"aviso-legal","status":"publish","type":"page","link":"https:\/\/alfarerianunez.com\/fr\/aviso-legal\/","title":{"rendered":"Aviso Legal(f)"},"content":{"rendered":"<h1>AVISO LEGAL<\/h1>\n<p><strong>PROPIEDAD INTELECTUAL E INDUSTRIAL<\/strong><\/p>\n<p>La empresa ostenta todos los derechos sobre el contenido, dise\u00f1o y c\u00f3digo fuente de<br \/>\nesta p\u00e1gina Web y, en especial, con car\u00e1cter enunciativo, pero no limitativo, sobre las<br \/>\nfotograf\u00edas, im\u00e1genes, textos, logos, dise\u00f1os, marcas, nombres comerciales y datos que se<br \/>\nincluyen en la Web.<\/p>\n<p>Se advierte a Clientes y Usuarios de que tales derechos est\u00e1n protegidos por la legislaci\u00f3n<br \/>\nvigente espa\u00f1ola e internacional relativa a la propiedad intelectual e industrial.<\/p>\n<p>Asimismo, y sin prejuicio de lo anterior, el contenido de esta Web tambi\u00e9n tiene la<br \/>\nconsideraci\u00f3n de programa inform\u00e1tico, y, por lo tanto, le resulta tambi\u00e9n de aplicaci\u00f3n toda<br \/>\nla normativa espa\u00f1ola y comunitaria europea vigente en la materia.<\/p>\n<p>Queda expresamente prohibida la reproducci\u00f3n total o parcial de esta Web, ni de<br \/>\ncualquiera de sus contenidos, sin el permiso expreso y por escrito de la empresa.<\/p>\n<p>Asimismo, queda totalmente prohibida la copia, reproducci\u00f3n, adaptaci\u00f3n, modificaci\u00f3n,<br \/>\ndistribuci\u00f3n, comercializaci\u00f3n, comunicaci\u00f3n p\u00fablica y\/o cualquier otra acci\u00f3n que<br \/>\ncomporte una infracci\u00f3n de la normativa vigente espa\u00f1ola y\/o internaciones en materia de<br \/>\npropiedad intelectual y\/o industrial, as\u00ed como el uso de los contenidos de la Web si no es<br \/>\ncon la previa autorizaci\u00f3n expresa y por escrito de la empresa.<\/p>\n<p>La empresa informa que no concede licencia o autorizaci\u00f3n impl\u00edcita sobre los<br \/>\nderechos de propiedad intelectual y\/o industrial o sobre cualquier otro derecho o propiedad<br \/>\nrelacionado, directa o indirectamente, con los contenidos incluidos en la Web.<\/p>\n<p>Tan s\u00f3lo se autoriza la utilizaci\u00f3n de los contenidos del dominio web con fines informativos<br \/>\ny de servicio, siempre que se cite o se haga referencia a la fuente, siendo el usuario el<br \/>\n\u00fanico responsable del mal uso de los mismos.<\/p>\n<p><strong>ACCESO Y ESTANCIA EN LA WEB. NUESTROS CONTENIDOS<\/strong><\/p>\n<p>Los Clientes y Usuarios son \u00edntegramente responsables de su conducta, al acceder a la<br \/>\ninformaci\u00f3n de la Web, mientras naveguen en la misma, as\u00ed como despu\u00e9s de haber<br \/>\naccedido.<\/p>\n<p>Como consecuencia de lo anterior, los Clientes y Usuarios son los \u00fanicos responsables<br \/>\nante la empresa y terceros de:<\/p>\n<p>1. Las consecuencias que se puedan derivar de una utilizaci\u00f3n, con fines o efectos il\u00edcitos o<br \/>\ncontrarios al presente documento, de cualquier contenido de la Web, elaborado o no por<br \/>\nLa empresa, publicado o no bajo su nombre de forma oficial.<br \/>\n2. As\u00ed como de las consecuencias que se puedan derivar de la utilizaci\u00f3n contraria al<br \/>\ncontenido del presente documento y lesiva de los intereses o derechos de terceros, o que<br \/>\nde cualquier forma pueda da\u00f1ar, inutilizar o deteriorar la Web o sus servicios o impedir el<br \/>\nnormal disfrute por otros Usuarios.<br \/>\nLa empresa se reserva el derecho a actualizar los contenidos cuando lo estime<br \/>\nconveniente, as\u00ed como a eliminarlos, limitarlos o impedir el acceso a ellos, de manera<br \/>\ntemporal o definitiva, as\u00ed como denegar el acceso a la Web a Clientes y Usuarios que haga<br \/>\nun mal uso de los contenidos y\/o incumplan cualquiera de las condiciones que aparecen<br \/>\nen el presente documento.<\/p>\n<p><strong>La empresa informa que no garantiza:<\/strong><\/p>\n<p>1. Que el acceso a la Web y\/o a las Web de enlace sea ininterrumpido o libre de error.<br \/>\n2. Que el contenido o software al que los Clientes y Usuarios accedan a trav\u00e9s de la Web o<br \/>\nde las Web de enlace no contenga error alguno, virus inform\u00e1tico u otros elementos en los<br \/>\ncontenidos que puedan producir alteraciones en su sistema o en los documentos<br \/>\nelectr\u00f3nicos y ficheros almacenados en su sistema inform\u00e1tico o cause otro tipo de da\u00f1o.<br \/>\n3. El aprovechamiento que de la informaci\u00f3n o contenido de esta Web o Webs de enlace que<br \/>\nlos Clientes y Usuarios pudieran realizar para sus prop\u00f3sitos personales.<br \/>\nLa informaci\u00f3n contenida en esta p\u00e1gina Web debe ser considerada por los Clientes y<br \/>\nUsuarios como divulgativa y orientadora, tanto con relaci\u00f3n a su finalidad como a sus<br \/>\nefectos, motivo por el cual:<\/p>\n<p>La empresa no garantiza la exactitud de la informaci\u00f3n contenida en esta Web y por<br \/>\nconsiguiente no asumen responsabilidad alguna sobre los posibles perjuicios o<br \/>\nincomodidades para los Usuarios que pudiesen derivarse alguna inexactitud presente en la<br \/>\nWeb.<\/p>\n<p><strong>NUESTRA RESPONSABILIDAD<\/strong><\/p>\n<p>La empresa no asume responsabilidad alguna derivada, a t\u00edtulo enunciativo, pero no<br \/>\nlimitativo:<\/p>\n<p>1. De la utilizaci\u00f3n que los Clientes o Usuarios puedan hacer de los materiales de esta Web o<br \/>\nwebs de enlace, ya sean prohibidos o permitidos, en infracci\u00f3n de los derechos de<br \/>\npropiedad intelectual y\/o industrial de contenidos de la Web o de terceros.<br \/>\n2. De los eventuales da\u00f1os y perjuicios a los Clientes o Usuarios causados por un<br \/>\nfuncionamiento normal o anormal de las herramientas de b\u00fasqueda, de la organizaci\u00f3n o<br \/>\nla localizaci\u00f3n de los contenidos y\/o acceso a la Web y, en general, de los errores o<br \/>\nproblemas que se generen en el desarrollo o instrumentaci\u00f3n de los elementos t\u00e9cnicos<br \/>\nque la Web o un programa facilite al Usuario.<br \/>\n3. De los contenidos de aquellas p\u00e1ginas a las que los Clientes o Usuarios puedan acceder<br \/>\ndesde enlaces incluidos en la Web, ya sean autorizados o no.<br \/>\n4. De los actos u omisiones de terceros, con independencia de que estos terceros pudiesen<br \/>\nestar unidos a la empresa mediante v\u00eda contractual.<br \/>\n5. Del acceso de menores de edad a los contenidos incluidos en la Web, siendo<br \/>\nresponsabilidad de sus progenitores o tutores ejercer un control adecuado sobre la<br \/>\nactividad de los hijos o menores a su cargo o bien instalar alguna de las herramientas de<br \/>\ncontrol del uso de Internet con el objeto de evitar (i) el acceso a materiales o contenidos no<br \/>\naptos para menores, as\u00ed como (ii) el env\u00edo de datos personales sin la previa autorizaci\u00f3n<br \/>\nde sus progenitores o tutores.<br \/>\n6. De las comunicaciones o di\u00e1logos en el transcurso de los debates, foros, chats y<br \/>\ncomunidades virtuales que se organicen a trav\u00e9s de o entorno a la Web y\/o webs de<br \/>\nenlace, ni responder\u00e1, por tanto, de los eventuales da\u00f1os y prejuicios que sufran los<br \/>\nClientes o Usuarios particulares y\/o colectivos a consecuencia de dichas comunicaciones<br \/>\ny\/o di\u00e1logos.<br \/>\nLa empresa no ser\u00e1 responsable en ning\u00fan caso cuando se produzcan:<br \/>\n1. Errores o retrasos en el acceso al Sitio Web por parte del Cliente a la hora de introducir<br \/>\nsus datos en el formulario de pedido, la lentitud o imposibilidad de recepci\u00f3n por parte de<br \/>\nlos destinatarios de la confirmaci\u00f3n del pedido o cualquier anomal\u00eda que pueda surgir<br \/>\ncuando estas incidencias sean debidas a problemas en la red Internet, causas de caso<br \/>\nfortuito o fuerza mayor y cualquier otra contingencia imprevisible ajena a nuestra buena fe.<br \/>\n2. Fallos o incidencias que pudieran producirse en las comunicaciones, borrado o<br \/>\ntransmisiones incompletas, de manera que no se garantiza que los servicios del sitio Web<br \/>\nest\u00e9n constantemente operativos.<br \/>\n3. De los errores o da\u00f1os producidos al sitio web por un uso del servicio ineficiente y de mala<br \/>\nfe por parte del Cliente.<br \/>\n4. De la no operatividad o problemas en la direcci\u00f3n de email facilitada por el Cliente para el<br \/>\nenv\u00edo de la confirmaci\u00f3n del pedido.<br \/>\n5. En todo caso, la empresa se compromete a solucionar los problemas que puedan surgir<br \/>\ny a ofrecer todo el apoyo necesario al Cliente para llegar a una soluci\u00f3n r\u00e1pida y<br \/>\nsatisfactoria de la incidencia.<br \/>\n6. Asimismo, la empresa tiene derecho a realizar durante intervalos temporales definidos,<br \/>\ncampa\u00f1as promocionales para promover el registro de nuevos miembros en su servicio.<br \/>\nLa empresa se reserva el derecho de modificar las condiciones de aplicaci\u00f3n de la<br \/>\npromociones, prorrogarlas comunic\u00e1ndolo debidamente, o proceder a la exclusi\u00f3n de<br \/>\ncualquiera de los participantes de la promoci\u00f3n en el supuesto de detectar cualquier<br \/>\nanomal\u00eda, abuso o comportamiento poco \u00e9tico en la participaci\u00f3n de los mismos.<\/p>\n","protected":false},"excerpt":{"rendered":"<p>AVISO LEGAL PROPIEDAD INTELECTUAL E INDUSTRIAL La empresa ostenta todos los derechos sobre el contenido, dise\u00f1o y c\u00f3digo fuente de esta p\u00e1gina Web y, en especial, con car\u00e1cter enunciativo, pero no limitativo, sobre las fotograf\u00edas, im\u00e1genes, textos, logos, dise\u00f1os, marcas, nombres comerciales y datos que se incluyen en la Web. Se advierte a Clientes y [&hellip;]<\/p>\n","protected":false},"author":3,"featured_media":900,"parent":0,"menu_order":0,"comment_status":"closed","ping_status":"closed","template":"","meta":{"_acf_changed":false,"_exactmetrics_skip_tracking":false,"_exactmetrics_sitenote_active":false,"_exactmetrics_sitenote_note":"","_exactmetrics_sitenote_category":0,"footnotes":""},"class_list":["post-899","page","type-page","status-publish","has-post-thumbnail","hentry"],"acf":[],"_links":{"self":[{"href":"https:\/\/alfarerianunez.com\/fr\/wp-json\/wp\/v2\/pages\/899","targetHints":{"allow":["GET"]}}],"collection":[{"href":"https:\/\/alfarerianunez.com\/fr\/wp-json\/wp\/v2\/pages"}],"about":[{"href":"https:\/\/alfarerianunez.com\/fr\/wp-json\/wp\/v2\/types\/page"}],"author":[{"embeddable":true,"href":"https:\/\/alfarerianunez.com\/fr\/wp-json\/wp\/v2\/users\/3"}],"replies":[{"embeddable":true,"href":"https:\/\/alfarerianunez.com\/fr\/wp-json\/wp\/v2\/comments?post=899"}],"version-history":[{"count":0,"href":"https:\/\/alfarerianunez.com\/fr\/wp-json\/wp\/v2\/pages\/899\/revisions"}],"wp:featuredmedia":[{"embeddable":true,"href":"https:\/\/alfarerianunez.com\/fr\/wp-json\/wp\/v2\/media\/900"}],"wp:attachment":[{"href":"https:\/\/alfarerianunez.com\/fr\/wp-json\/wp\/v2\/media?parent=899"}],"curies":[{"name":"wp","href":"https:\/\/api.w.org\/{rel}","templated":true}]}}