{"id":1426,"date":"2018-05-04T12:39:32","date_gmt":"2018-05-04T12:39:32","guid":{"rendered":"https:\/\/alfarerianunez.com\/producto\/arabe-bocaux\/"},"modified":"2018-05-04T12:39:32","modified_gmt":"2018-05-04T12:39:32","slug":"arabe-bocaux","status":"publish","type":"product","link":"https:\/\/alfarerianunez.com\/fr\/producto\/arabe-bocaux\/","title":{"rendered":"Arabe bocaux"},"content":{"rendered":"","protected":false},"excerpt":{"rendered":"<p>Pot en argile fait \u00e0 la main avec une d\u00e9coration et une sculpture sp\u00e9cifique.<\/p>\n","protected":false},"featured_media":1427,"comment_status":"closed","ping_status":"closed","template":"","meta":{"_acf_changed":false,"_exactmetrics_skip_tracking":false,"_exactmetrics_sitenote_active":false,"_exactmetrics_sitenote_note":"","_exactmetrics_sitenote_category":0},"product_brand":[],"product_cat":[271],"product_tag":[],"class_list":{"0":"post-1426","1":"product","2":"type-product","3":"status-publish","4":"has-post-thumbnail","6":"product_cat-amphore","8":"first","9":"instock","10":"taxable","11":"shipping-taxable","12":"purchasable","13":"product-type-variable"},"acf":[],"_links":{"self":[{"href":"https:\/\/alfarerianunez.com\/fr\/wp-json\/wp\/v2\/product\/1426","targetHints":{"allow":["GET"]}}],"collection":[{"href":"https:\/\/alfarerianunez.com\/fr\/wp-json\/wp\/v2\/product"}],"about":[{"href":"https:\/\/alfarerianunez.com\/fr\/wp-json\/wp\/v2\/types\/product"}],"replies":[{"embeddable":true,"href":"https:\/\/alfarerianunez.com\/fr\/wp-json\/wp\/v2\/comments?post=1426"}],"wp:featuredmedia":[{"embeddable":true,"href":"https:\/\/alfarerianunez.com\/fr\/wp-json\/wp\/v2\/media\/1427"}],"wp:attachment":[{"href":"https:\/\/alfarerianunez.com\/fr\/wp-json\/wp\/v2\/media?parent=1426"}],"wp:term":[{"taxonomy":"product_brand","embeddable":true,"href":"https:\/\/alfarerianunez.com\/fr\/wp-json\/wp\/v2\/product_brand?post=1426"},{"taxonomy":"product_cat","embeddable":true,"href":"https:\/\/alfarerianunez.com\/fr\/wp-json\/wp\/v2\/product_cat?post=1426"},{"taxonomy":"product_tag","embeddable":true,"href":"https:\/\/alfarerianunez.com\/fr\/wp-json\/wp\/v2\/product_tag?post=1426"}],"curies":[{"name":"wp","href":"https:\/\/api.w.org\/{rel}","templated":true}]}}