{"id":1596,"date":"2018-05-04T12:06:56","date_gmt":"2018-05-04T12:06:56","guid":{"rendered":"https:\/\/alfarerianunez.com\/producto\/paume-en-pot\/"},"modified":"2018-05-04T12:06:56","modified_gmt":"2018-05-04T12:06:56","slug":"paume-en-pot","status":"publish","type":"product","link":"https:\/\/alfarerianunez.com\/fr\/producto\/paume-en-pot\/","title":{"rendered":""},"content":{"rendered":"<p>Possibilit\u00e9 de vitrage en diff\u00e9rentes couleurs. Consulter)<\/p>\n<p>La largeur fait r\u00e9f\u00e9rence au diam\u00e8tre de la bouche de la pi\u00e8ce.<\/p>\n","protected":false},"excerpt":{"rendered":"<p>Sans doute le produit phare des pots, pour sa simplicit\u00e9 et son utilit\u00e9, un pot stable et coh\u00e9rent. Les grandes tailles sont id\u00e9ales pour les petits arbres.<\/p>\n","protected":false},"featured_media":1597,"comment_status":"closed","ping_status":"closed","template":"","meta":{"_acf_changed":false,"_exactmetrics_skip_tracking":false,"_exactmetrics_sitenote_active":false,"_exactmetrics_sitenote_note":"","_exactmetrics_sitenote_category":0},"product_brand":[],"product_cat":[293],"product_tag":[615],"class_list":{"0":"post-1596","1":"product","2":"type-product","3":"status-publish","4":"has-post-thumbnail","6":"product_cat-pots-fr","7":"product_tag-pot-fr","9":"first","10":"instock","11":"featured","12":"taxable","13":"shipping-taxable","14":"purchasable","15":"product-type-variable"},"acf":[],"_links":{"self":[{"href":"https:\/\/alfarerianunez.com\/fr\/wp-json\/wp\/v2\/product\/1596","targetHints":{"allow":["GET"]}}],"collection":[{"href":"https:\/\/alfarerianunez.com\/fr\/wp-json\/wp\/v2\/product"}],"about":[{"href":"https:\/\/alfarerianunez.com\/fr\/wp-json\/wp\/v2\/types\/product"}],"replies":[{"embeddable":true,"href":"https:\/\/alfarerianunez.com\/fr\/wp-json\/wp\/v2\/comments?post=1596"}],"wp:featuredmedia":[{"embeddable":true,"href":"https:\/\/alfarerianunez.com\/fr\/wp-json\/wp\/v2\/media\/1597"}],"wp:attachment":[{"href":"https:\/\/alfarerianunez.com\/fr\/wp-json\/wp\/v2\/media?parent=1596"}],"wp:term":[{"taxonomy":"product_brand","embeddable":true,"href":"https:\/\/alfarerianunez.com\/fr\/wp-json\/wp\/v2\/product_brand?post=1596"},{"taxonomy":"product_cat","embeddable":true,"href":"https:\/\/alfarerianunez.com\/fr\/wp-json\/wp\/v2\/product_cat?post=1596"},{"taxonomy":"product_tag","embeddable":true,"href":"https:\/\/alfarerianunez.com\/fr\/wp-json\/wp\/v2\/product_tag?post=1596"}],"curies":[{"name":"wp","href":"https:\/\/api.w.org\/{rel}","templated":true}]}}