{"id":1652,"date":"2018-05-02T17:10:00","date_gmt":"2018-05-02T17:10:00","guid":{"rendered":"https:\/\/alfarerianunez.com\/producto\/pot-haut-cone\/"},"modified":"2018-05-02T17:10:00","modified_gmt":"2018-05-02T17:10:00","slug":"pot-haut-cone","status":"publish","type":"product","link":"https:\/\/alfarerianunez.com\/fr\/producto\/pot-haut-cone\/","title":{"rendered":"Pot haut c\u00f4ne"},"content":{"rendered":"<p>Possibilit\u00e9 de non vitr\u00e9 dans diff\u00e9rentes couleurs. Consulter)<\/p>\n","protected":false},"excerpt":{"rendered":"<p>Pot conique de diff\u00e9rentes tailles.<\/p>\n<p>(la largeur se rapporte au diam\u00e8tre de la bouche de la pi\u00e8ce)<\/p>\n","protected":false},"featured_media":12100,"comment_status":"closed","ping_status":"closed","template":"","meta":{"_acf_changed":false,"_exactmetrics_skip_tracking":false,"_exactmetrics_sitenote_active":false,"_exactmetrics_sitenote_note":"","_exactmetrics_sitenote_category":0},"product_brand":[],"product_cat":[281],"product_tag":[615],"class_list":{"0":"post-1652","1":"product","2":"type-product","3":"status-publish","4":"has-post-thumbnail","6":"product_cat-cylindres","7":"product_tag-pot-fr","9":"first","10":"instock","11":"taxable","12":"shipping-taxable","13":"purchasable","14":"product-type-variable"},"acf":[],"_links":{"self":[{"href":"https:\/\/alfarerianunez.com\/fr\/wp-json\/wp\/v2\/product\/1652","targetHints":{"allow":["GET"]}}],"collection":[{"href":"https:\/\/alfarerianunez.com\/fr\/wp-json\/wp\/v2\/product"}],"about":[{"href":"https:\/\/alfarerianunez.com\/fr\/wp-json\/wp\/v2\/types\/product"}],"replies":[{"embeddable":true,"href":"https:\/\/alfarerianunez.com\/fr\/wp-json\/wp\/v2\/comments?post=1652"}],"wp:featuredmedia":[{"embeddable":true,"href":"https:\/\/alfarerianunez.com\/fr\/wp-json\/wp\/v2\/media\/12100"}],"wp:attachment":[{"href":"https:\/\/alfarerianunez.com\/fr\/wp-json\/wp\/v2\/media?parent=1652"}],"wp:term":[{"taxonomy":"product_brand","embeddable":true,"href":"https:\/\/alfarerianunez.com\/fr\/wp-json\/wp\/v2\/product_brand?post=1652"},{"taxonomy":"product_cat","embeddable":true,"href":"https:\/\/alfarerianunez.com\/fr\/wp-json\/wp\/v2\/product_cat?post=1652"},{"taxonomy":"product_tag","embeddable":true,"href":"https:\/\/alfarerianunez.com\/fr\/wp-json\/wp\/v2\/product_tag?post=1652"}],"curies":[{"name":"wp","href":"https:\/\/api.w.org\/{rel}","templated":true}]}}