{"id":1867,"date":"2018-05-02T07:00:38","date_gmt":"2018-05-02T07:00:38","guid":{"rendered":"https:\/\/alfarerianunez.com\/producto\/panier\/"},"modified":"2018-05-02T07:00:38","modified_gmt":"2018-05-02T07:00:38","slug":"panier","status":"publish","type":"product","link":"https:\/\/alfarerianunez.com\/fr\/producto\/panier\/","title":{"rendered":"Panier"},"content":{"rendered":"<p>Panier de boue fait main.<\/p>\n<p>Possibilit\u00e9 de faire sans bobine. Lisa)<\/p>\n","protected":false},"excerpt":{"rendered":"<p>Les paniers de boue sont l&rsquo;une des pi\u00e8ces les plus anciennes de notre catalogue, faites enti\u00e8rement \u00e0 la main sont parfaits pour d\u00e9corer n&rsquo;importe quel patio, terrasse, balcon&#8230;<\/p>\n","protected":false},"featured_media":1868,"comment_status":"closed","ping_status":"closed","template":"","meta":{"_acf_changed":false,"_exactmetrics_skip_tracking":false,"_exactmetrics_sitenote_active":false,"_exactmetrics_sitenote_note":"","_exactmetrics_sitenote_category":0},"product_brand":[],"product_cat":[279],"product_tag":[],"class_list":{"0":"post-1867","1":"product","2":"type-product","3":"status-publish","4":"has-post-thumbnail","6":"product_cat-paniers","8":"first","9":"instock","10":"taxable","11":"shipping-taxable","12":"purchasable","13":"product-type-variable"},"acf":[],"_links":{"self":[{"href":"https:\/\/alfarerianunez.com\/fr\/wp-json\/wp\/v2\/product\/1867","targetHints":{"allow":["GET"]}}],"collection":[{"href":"https:\/\/alfarerianunez.com\/fr\/wp-json\/wp\/v2\/product"}],"about":[{"href":"https:\/\/alfarerianunez.com\/fr\/wp-json\/wp\/v2\/types\/product"}],"replies":[{"embeddable":true,"href":"https:\/\/alfarerianunez.com\/fr\/wp-json\/wp\/v2\/comments?post=1867"}],"wp:featuredmedia":[{"embeddable":true,"href":"https:\/\/alfarerianunez.com\/fr\/wp-json\/wp\/v2\/media\/1868"}],"wp:attachment":[{"href":"https:\/\/alfarerianunez.com\/fr\/wp-json\/wp\/v2\/media?parent=1867"}],"wp:term":[{"taxonomy":"product_brand","embeddable":true,"href":"https:\/\/alfarerianunez.com\/fr\/wp-json\/wp\/v2\/product_brand?post=1867"},{"taxonomy":"product_cat","embeddable":true,"href":"https:\/\/alfarerianunez.com\/fr\/wp-json\/wp\/v2\/product_cat?post=1867"},{"taxonomy":"product_tag","embeddable":true,"href":"https:\/\/alfarerianunez.com\/fr\/wp-json\/wp\/v2\/product_tag?post=1867"}],"curies":[{"name":"wp","href":"https:\/\/api.w.org\/{rel}","templated":true}]}}