{"id":1991,"date":"2018-05-16T12:35:19","date_gmt":"2018-05-16T12:35:19","guid":{"rendered":"https:\/\/alfarerianunez.com\/producto\/pot-de-fleurs-avec-mario-bros\/"},"modified":"2018-05-16T12:35:19","modified_gmt":"2018-05-16T12:35:19","slug":"pot-de-fleurs-avec-mario-bros","status":"publish","type":"product","link":"https:\/\/alfarerianunez.com\/fr\/producto\/pot-de-fleurs-avec-mario-bros\/","title":{"rendered":"Pot de fleurs avec Mario Bros"},"content":{"rendered":"","protected":false},"excerpt":{"rendered":"<p>Pot de fleurs avec Mario Bros \u00e0 l&rsquo;int\u00e9rieur.<\/p>\n<p>Mod\u00e9lis\u00e9 et peint \u00e0 la main.<\/p>\n","protected":false},"featured_media":1986,"comment_status":"closed","ping_status":"closed","template":"","meta":{"_acf_changed":false,"_exactmetrics_skip_tracking":false,"_exactmetrics_sitenote_active":false,"_exactmetrics_sitenote_note":"","_exactmetrics_sitenote_category":0},"product_brand":[],"product_cat":[584],"product_tag":[637,638,615],"class_list":{"0":"post-1991","1":"product","2":"type-product","3":"status-publish","4":"has-post-thumbnail","6":"product_cat-ceramiques-creatives","7":"product_tag-mario-fr","8":"product_tag-peint","9":"product_tag-pot-fr","11":"first","12":"instock","13":"taxable","14":"shipping-taxable","15":"purchasable","16":"product-type-simple"},"acf":[],"_links":{"self":[{"href":"https:\/\/alfarerianunez.com\/fr\/wp-json\/wp\/v2\/product\/1991","targetHints":{"allow":["GET"]}}],"collection":[{"href":"https:\/\/alfarerianunez.com\/fr\/wp-json\/wp\/v2\/product"}],"about":[{"href":"https:\/\/alfarerianunez.com\/fr\/wp-json\/wp\/v2\/types\/product"}],"replies":[{"embeddable":true,"href":"https:\/\/alfarerianunez.com\/fr\/wp-json\/wp\/v2\/comments?post=1991"}],"wp:featuredmedia":[{"embeddable":true,"href":"https:\/\/alfarerianunez.com\/fr\/wp-json\/wp\/v2\/media\/1986"}],"wp:attachment":[{"href":"https:\/\/alfarerianunez.com\/fr\/wp-json\/wp\/v2\/media?parent=1991"}],"wp:term":[{"taxonomy":"product_brand","embeddable":true,"href":"https:\/\/alfarerianunez.com\/fr\/wp-json\/wp\/v2\/product_brand?post=1991"},{"taxonomy":"product_cat","embeddable":true,"href":"https:\/\/alfarerianunez.com\/fr\/wp-json\/wp\/v2\/product_cat?post=1991"},{"taxonomy":"product_tag","embeddable":true,"href":"https:\/\/alfarerianunez.com\/fr\/wp-json\/wp\/v2\/product_tag?post=1991"}],"curies":[{"name":"wp","href":"https:\/\/api.w.org\/{rel}","templated":true}]}}