{"id":2150,"date":"2018-08-08T16:57:26","date_gmt":"2018-08-08T16:57:26","guid":{"rendered":"https:\/\/alfarerianunez.com\/producto\/carafe-de-biere\/"},"modified":"2018-08-08T16:57:26","modified_gmt":"2018-08-08T16:57:26","slug":"carafe-de-biere","status":"publish","type":"product","link":"https:\/\/alfarerianunez.com\/fr\/producto\/carafe-de-biere\/","title":{"rendered":"Carafe de bi\u00e8re"},"content":{"rendered":"<p>Possibilit\u00e9 de diff\u00e9rent gla\u00e7ure (deuxi\u00e8me photo). Il est \u00e9galement possible d&rsquo;enregistrer un texte sur demande.<\/p>\n","protected":false},"excerpt":{"rendered":"<p>Cruches en argile \u00e9maill\u00e9e fabriqu\u00e9es \u00e0 la main; garder la temp\u00e9rature froide \u00e0 table.<\/p>\n","protected":false},"featured_media":2085,"comment_status":"closed","ping_status":"closed","template":"","meta":{"_acf_changed":false,"_exactmetrics_skip_tracking":false,"_exactmetrics_sitenote_active":false,"_exactmetrics_sitenote_note":"","_exactmetrics_sitenote_category":0},"product_brand":[],"product_cat":[647],"product_tag":[694,702,700,701],"class_list":{"0":"post-2150","1":"product","2":"type-product","3":"status-publish","4":"has-post-thumbnail","6":"product_cat-menage","7":"product_tag-carafe","8":"product_tag-conserver","9":"product_tag-la-biere","10":"product_tag-vin","12":"first","13":"instock","14":"taxable","15":"shipping-taxable","16":"purchasable","17":"product-type-variable"},"acf":[],"_links":{"self":[{"href":"https:\/\/alfarerianunez.com\/fr\/wp-json\/wp\/v2\/product\/2150","targetHints":{"allow":["GET"]}}],"collection":[{"href":"https:\/\/alfarerianunez.com\/fr\/wp-json\/wp\/v2\/product"}],"about":[{"href":"https:\/\/alfarerianunez.com\/fr\/wp-json\/wp\/v2\/types\/product"}],"replies":[{"embeddable":true,"href":"https:\/\/alfarerianunez.com\/fr\/wp-json\/wp\/v2\/comments?post=2150"}],"wp:featuredmedia":[{"embeddable":true,"href":"https:\/\/alfarerianunez.com\/fr\/wp-json\/wp\/v2\/media\/2085"}],"wp:attachment":[{"href":"https:\/\/alfarerianunez.com\/fr\/wp-json\/wp\/v2\/media?parent=2150"}],"wp:term":[{"taxonomy":"product_brand","embeddable":true,"href":"https:\/\/alfarerianunez.com\/fr\/wp-json\/wp\/v2\/product_brand?post=2150"},{"taxonomy":"product_cat","embeddable":true,"href":"https:\/\/alfarerianunez.com\/fr\/wp-json\/wp\/v2\/product_cat?post=2150"},{"taxonomy":"product_tag","embeddable":true,"href":"https:\/\/alfarerianunez.com\/fr\/wp-json\/wp\/v2\/product_tag?post=2150"}],"curies":[{"name":"wp","href":"https:\/\/api.w.org\/{rel}","templated":true}]}}