{"id":2181,"date":"2018-08-09T11:39:43","date_gmt":"2018-08-09T11:39:43","guid":{"rendered":"https:\/\/alfarerianunez.com\/producto\/cruche-a-vin\/"},"modified":"2018-08-09T11:57:33","modified_gmt":"2018-08-09T11:57:33","slug":"cruche-a-vin","status":"publish","type":"product","link":"https:\/\/alfarerianunez.com\/fr\/producto\/cruche-a-vin\/","title":{"rendered":"Cruche \u00e0 vin"},"content":{"rendered":"<p>Il est possible d\u2019enregistrer un texte sur demande.<\/p>\n","protected":false},"excerpt":{"rendered":"<p>Cruche en argile \u00e9maill\u00e9e faite \u00e0 la main, typique du vin.<\/p>\n","protected":false},"featured_media":2173,"comment_status":"closed","ping_status":"closed","template":"","meta":{"_acf_changed":false,"_exactmetrics_skip_tracking":false,"_exactmetrics_sitenote_active":false,"_exactmetrics_sitenote_note":"","_exactmetrics_sitenote_category":0},"product_brand":[],"product_cat":[647],"product_tag":[694,702,701],"class_list":{"0":"post-2181","1":"product","2":"type-product","3":"status-publish","4":"has-post-thumbnail","6":"product_cat-menage","7":"product_tag-carafe","8":"product_tag-conserver","9":"product_tag-vin","11":"first","12":"instock","13":"taxable","14":"shipping-taxable","15":"purchasable","16":"product-type-variable"},"acf":[],"_links":{"self":[{"href":"https:\/\/alfarerianunez.com\/fr\/wp-json\/wp\/v2\/product\/2181","targetHints":{"allow":["GET"]}}],"collection":[{"href":"https:\/\/alfarerianunez.com\/fr\/wp-json\/wp\/v2\/product"}],"about":[{"href":"https:\/\/alfarerianunez.com\/fr\/wp-json\/wp\/v2\/types\/product"}],"replies":[{"embeddable":true,"href":"https:\/\/alfarerianunez.com\/fr\/wp-json\/wp\/v2\/comments?post=2181"}],"wp:featuredmedia":[{"embeddable":true,"href":"https:\/\/alfarerianunez.com\/fr\/wp-json\/wp\/v2\/media\/2173"}],"wp:attachment":[{"href":"https:\/\/alfarerianunez.com\/fr\/wp-json\/wp\/v2\/media?parent=2181"}],"wp:term":[{"taxonomy":"product_brand","embeddable":true,"href":"https:\/\/alfarerianunez.com\/fr\/wp-json\/wp\/v2\/product_brand?post=2181"},{"taxonomy":"product_cat","embeddable":true,"href":"https:\/\/alfarerianunez.com\/fr\/wp-json\/wp\/v2\/product_cat?post=2181"},{"taxonomy":"product_tag","embeddable":true,"href":"https:\/\/alfarerianunez.com\/fr\/wp-json\/wp\/v2\/product_tag?post=2181"}],"curies":[{"name":"wp","href":"https:\/\/api.w.org\/{rel}","templated":true}]}}