{"id":2229,"date":"2018-08-09T14:14:44","date_gmt":"2018-08-09T14:14:44","guid":{"rendered":"https:\/\/alfarerianunez.com\/producto\/pot-a-main\/"},"modified":"2018-08-09T14:14:44","modified_gmt":"2018-08-09T14:14:44","slug":"pot-a-main","status":"publish","type":"product","link":"https:\/\/alfarerianunez.com\/fr\/producto\/pot-a-main\/","title":{"rendered":"Pot \u00e0 main"},"content":{"rendered":"","protected":false},"excerpt":{"rendered":"<p>Casserole en terre cuite \u00e9maill\u00e9e avec son propre couvercle.<\/p>\n","protected":false},"featured_media":2217,"comment_status":"closed","ping_status":"closed","template":"","meta":{"_acf_changed":false,"_exactmetrics_skip_tracking":false,"_exactmetrics_sitenote_active":false,"_exactmetrics_sitenote_note":"","_exactmetrics_sitenote_category":0},"product_brand":[],"product_cat":[647],"product_tag":[746,742],"class_list":{"0":"post-2229","1":"product","2":"type-product","3":"status-publish","4":"has-post-thumbnail","6":"product_cat-menage","7":"product_tag-cuisine","8":"product_tag-pot-fr-2","10":"first","11":"instock","12":"taxable","13":"shipping-taxable","14":"purchasable","15":"product-type-variable"},"acf":[],"_links":{"self":[{"href":"https:\/\/alfarerianunez.com\/fr\/wp-json\/wp\/v2\/product\/2229","targetHints":{"allow":["GET"]}}],"collection":[{"href":"https:\/\/alfarerianunez.com\/fr\/wp-json\/wp\/v2\/product"}],"about":[{"href":"https:\/\/alfarerianunez.com\/fr\/wp-json\/wp\/v2\/types\/product"}],"replies":[{"embeddable":true,"href":"https:\/\/alfarerianunez.com\/fr\/wp-json\/wp\/v2\/comments?post=2229"}],"wp:featuredmedia":[{"embeddable":true,"href":"https:\/\/alfarerianunez.com\/fr\/wp-json\/wp\/v2\/media\/2217"}],"wp:attachment":[{"href":"https:\/\/alfarerianunez.com\/fr\/wp-json\/wp\/v2\/media?parent=2229"}],"wp:term":[{"taxonomy":"product_brand","embeddable":true,"href":"https:\/\/alfarerianunez.com\/fr\/wp-json\/wp\/v2\/product_brand?post=2229"},{"taxonomy":"product_cat","embeddable":true,"href":"https:\/\/alfarerianunez.com\/fr\/wp-json\/wp\/v2\/product_cat?post=2229"},{"taxonomy":"product_tag","embeddable":true,"href":"https:\/\/alfarerianunez.com\/fr\/wp-json\/wp\/v2\/product_tag?post=2229"}],"curies":[{"name":"wp","href":"https:\/\/api.w.org\/{rel}","templated":true}]}}